{"id":17,"date":"2024-05-31T10:48:57","date_gmt":"2024-05-31T10:48:57","guid":{"rendered":"https:\/\/dapply.agency\/?page_id=17"},"modified":"2024-06-24T07:42:32","modified_gmt":"2024-06-24T07:42:32","slug":"refund_returns","status":"publish","type":"page","link":"https:\/\/dapply.agency\/de\/refund_returns\/","title":{"rendered":"Erstattungspolitik"},"content":{"rendered":"<h2 class=\"wp-block-heading\">Einf\u00fchrung<\/h2>\n\n\n\n<p>Wir sch\u00e4tzen Ihre Entscheidung f\u00fcr Dapply bei <a href=\"https:\/\/dapply.agency\/de\/\">https:\/\/dapply.agency\/<\/a>betrieben von Daply Limited mit der eingetragenen Adresse Nissi, 68 Agia Napa, 5330, Famagusta, Zypern, und der Registrierungsnummer HE460285. Es ist jedoch wichtig zu beachten, dass wir f\u00fcr alle \u00fcber unsere Website erworbenen Dienstleistungen und Produkte eine strikte R\u00fcckerstattungspolitik verfolgen. Sobald eine Transaktion abgeschlossen ist, gilt sie als endg\u00fcltig.<\/p>\n\n\n\n<h2 class=\"wp-block-heading\">Verantwortung f\u00fcr den Kunden<\/h2>\n\n\n\n<p>Die Kunden tragen die volle Verantwortung f\u00fcr ihre Kaufentscheidungen auf unserer Plattform. Wir empfehlen unseren Kunden dringend, alle Informationen und Spezifikationen zu den Dienstleistungen oder Produkten, die sie kaufen m\u00f6chten, gr\u00fcndlich zu pr\u00fcfen, bevor sie eine Entscheidung treffen.<\/p>\n\n\n\n<h2 class=\"wp-block-heading\">Ber\u00fccksichtigung von Erstattungsantr\u00e4gen<\/h2>\n\n\n\n<p>In Ausnahmef\u00e4llen k\u00f6nnen wir Erstattungsantr\u00e4ge akzeptieren. Diese Umst\u00e4nde k\u00f6nnen sein:<\/p>\n\n\n\n<ul class=\"wp-block-list\">\n<li><strong>Irrt\u00fcmliche Zahlungen:<\/strong> F\u00e4lle, in denen zuf\u00e4llige oder doppelte Zahlungen erfolgen.<\/li>\n\n\n\n<li><strong>Falscher Zahlungsbetrag:<\/strong> F\u00e4lle, in denen Kunden aufgrund von technischen Fehlern oder Schreibfehlern unsererseits ein falscher Betrag in Rechnung gestellt wird.<\/li>\n\n\n\n<li><strong>Zahlung unter Verwendung falscher Angaben:<\/strong> F\u00e4lle, in denen der Nachweis erbracht wird, dass eine Zahlung unter Verwendung falscher Zahlungsdaten erfolgt ist, was zu einer erfolglosen Transaktion gef\u00fchrt hat.<\/li>\n\n\n\n<li><strong>Nichtlieferung einer Dienstleistung oder eines Produkts: <\/strong>F\u00e4lle, in denen die gekaufte Dienstleistung oder das gekaufte Produkt aus von uns zu vertretenden Gr\u00fcnden nicht wie beschrieben geliefert wird.<\/li>\n<\/ul>\n\n\n\n<h2 class=\"wp-block-heading\">Einreichen eines Erstattungsantrags<\/h2>\n\n\n\n<p>Wenn Sie der Meinung sind, dass Ihre Situation unter einen der oben erw\u00e4hnten au\u00dfergew\u00f6hnlichen Umst\u00e4nde f\u00e4llt, k\u00f6nnen Sie einen Antrag auf R\u00fcckerstattung an unser Kundendienstteam unter folgender Adresse stellen <a href=\"mailto:info@dapply.agency\">info@dapply.agency<\/a>. Bitte f\u00fcgen Sie Ihrem Erstattungsantrag die folgenden Angaben bei:<\/p>\n\n\n\n<ul class=\"wp-block-list\">\n<li>Ihr vollst\u00e4ndiger Name<\/li>\n\n\n\n<li>F\u00fcr den Kauf verwendete E-Mail Adresse<\/li>\n\n\n\n<li>Datum des Vorgangs<\/li>\n\n\n\n<li>Transaktions-ID oder Quittung<\/li>\n\n\n\n<li>Detaillierte Erl\u00e4uterung des Themas<\/li>\n<\/ul>\n\n\n\n<h2 class=\"wp-block-heading\">\u00dcberpr\u00fcfung und Entscheidung<\/h2>\n\n\n\n<p>Nach Erhalt Ihres Erstattungsantrags wird unser Team die bereitgestellten Informationen gr\u00fcndlich pr\u00fcfen. Wir bem\u00fchen uns, alle Erstattungsantr\u00e4ge innerhalb von 7 Werktagen zu beantworten. Unsere Entscheidung \u00fcber den R\u00fcckerstattungsantrag basiert auf der Stichhaltigkeit der vorgelegten Umst\u00e4nde und unseren Richtlinien.<\/p>\n\n\n\n<h2 class=\"wp-block-heading\">Kontaktinformationen<\/h2>\n\n\n\n<p>Wenn Sie Fragen haben oder weitere Informationen zu unseren R\u00fcckerstattungsrichtlinien ben\u00f6tigen, z\u00f6gern Sie bitte nicht, unser Kundendienstteam zu kontaktieren:<\/p>\n\n\n\n<ul class=\"wp-block-list\">\n<li>Per E-Mail an <a href=\"mailto:info@dapply.agency\">info@dapply.agency<\/a>;<\/li>\n\n\n\n<li>Telefonisch unter <a href=\"tel:  35724030352\">+35724030352<\/a>;<\/li>\n\n\n\n<li>Oder \u00fcber das Kontaktformular auf der Website: <a href=\"https:\/\/dapply.agency\/de\/get-in-touch\/\">https:\/\/dapply.agency\/get-in-touch\/<\/a>.<\/li>\n<\/ul>\n\n\n\n<p>Bitte beachten Sie, dass diese Erstattungsrichtlinie ohne vorherige Ank\u00fcndigung ge\u00e4ndert werden kann. Wir empfehlen Ihnen, sie regelm\u00e4\u00dfig auf Aktualisierungen zu \u00fcberpr\u00fcfen.<\/p>\n\n\n\n<p>Danke, dass Sie sich f\u00fcr Dapply entschieden haben!<\/p>","protected":false},"excerpt":{"rendered":"<p>Introduction We appreciate your decision to choose Dapply at https:\/\/dapply.agency\/, operated by Daply Limited with its registered address at Nissi, 68 Agia Napa, 5330, Famagusta, Cyprus, and registration number HE460285. However, it\u2019s important to note that we have a strict no-refund policy for all services and products purchased through our website. Once a transaction is [&hellip;]<\/p>","protected":false},"author":1,"featured_media":0,"parent":0,"menu_order":0,"comment_status":"closed","ping_status":"closed","template":"template-pages\/policy.php","meta":{"_acf_changed":false,"inline_featured_image":false,"footnotes":""},"class_list":["post-17","page","type-page","status-publish","hentry"],"acf":[],"yoast_head":"<!-- This site is optimized with the Yoast SEO plugin v22.8 - https:\/\/yoast.com\/wordpress\/plugins\/seo\/ -->\n<title>Refund Policy - Dapply agency<\/title>\n<meta name=\"robots\" content=\"index, follow, max-snippet:-1, max-image-preview:large, max-video-preview:-1\" \/>\n<link rel=\"canonical\" href=\"https:\/\/dapply.agency\/de\/refund_returns\/\" \/>\n<meta property=\"og:locale\" content=\"de_DE\" \/>\n<meta property=\"og:type\" content=\"article\" \/>\n<meta property=\"og:title\" content=\"Refund Policy - Dapply agency\" \/>\n<meta property=\"og:description\" content=\"Introduction We appreciate your decision to choose Dapply at https:\/\/dapply.agency\/, operated by Daply Limited with its registered address at Nissi, 68 Agia Napa, 5330, Famagusta, Cyprus, and registration number HE460285. However, it\u2019s important to note that we have a strict no-refund policy for all services and products purchased through our website. Once a transaction is [&hellip;]\" \/>\n<meta property=\"og:url\" content=\"https:\/\/dapply.agency\/de\/refund_returns\/\" \/>\n<meta property=\"og:site_name\" content=\"Dapply agency\" \/>\n<meta property=\"article:modified_time\" content=\"2024-06-24T07:42:32+00:00\" \/>\n<meta name=\"twitter:card\" content=\"summary_large_image\" \/>\n<meta name=\"twitter:label1\" content=\"Gesch\u00e4tzte Lesezeit\" \/>\n\t<meta name=\"twitter:data1\" content=\"2\u00a0Minuten\" \/>\n<script type=\"application\/ld+json\" class=\"yoast-schema-graph\">{\"@context\":\"https:\/\/schema.org\",\"@graph\":[{\"@type\":\"WebPage\",\"@id\":\"https:\/\/dapply.agency\/refund_returns\/\",\"url\":\"https:\/\/dapply.agency\/refund_returns\/\",\"name\":\"Refund Policy - Dapply agency\",\"isPartOf\":{\"@id\":\"https:\/\/dapply.agency\/#website\"},\"datePublished\":\"2024-05-31T10:48:57+00:00\",\"dateModified\":\"2024-06-24T07:42:32+00:00\",\"breadcrumb\":{\"@id\":\"https:\/\/dapply.agency\/refund_returns\/#breadcrumb\"},\"inLanguage\":\"de\",\"potentialAction\":[{\"@type\":\"ReadAction\",\"target\":[\"https:\/\/dapply.agency\/refund_returns\/\"]}]},{\"@type\":\"BreadcrumbList\",\"@id\":\"https:\/\/dapply.agency\/refund_returns\/#breadcrumb\",\"itemListElement\":[{\"@type\":\"ListItem\",\"position\":1,\"name\":\"Home\",\"item\":\"https:\/\/dapply.agency\/\"},{\"@type\":\"ListItem\",\"position\":2,\"name\":\"Refund Policy\"}]},{\"@type\":\"WebSite\",\"@id\":\"https:\/\/dapply.agency\/#website\",\"url\":\"https:\/\/dapply.agency\/\",\"name\":\"Dapply agency\",\"description\":\"\",\"potentialAction\":[{\"@type\":\"SearchAction\",\"target\":{\"@type\":\"EntryPoint\",\"urlTemplate\":\"https:\/\/dapply.agency\/?s={search_term_string}\"},\"query-input\":\"required name=search_term_string\"}],\"inLanguage\":\"de\"}]}<\/script>\n<!-- \/ Yoast SEO plugin. -->","yoast_head_json":{"title":"Refund Policy - Dapply agency","robots":{"index":"index","follow":"follow","max-snippet":"max-snippet:-1","max-image-preview":"max-image-preview:large","max-video-preview":"max-video-preview:-1"},"canonical":"https:\/\/dapply.agency\/de\/refund_returns\/","og_locale":"de_DE","og_type":"article","og_title":"Refund Policy - Dapply agency","og_description":"Introduction We appreciate your decision to choose Dapply at https:\/\/dapply.agency\/, operated by Daply Limited with its registered address at Nissi, 68 Agia Napa, 5330, Famagusta, Cyprus, and registration number HE460285. However, it\u2019s important to note that we have a strict no-refund policy for all services and products purchased through our website. Once a transaction is [&hellip;]","og_url":"https:\/\/dapply.agency\/de\/refund_returns\/","og_site_name":"Dapply agency","article_modified_time":"2024-06-24T07:42:32+00:00","twitter_card":"summary_large_image","twitter_misc":{"Gesch\u00e4tzte Lesezeit":"2\u00a0Minuten"},"schema":{"@context":"https:\/\/schema.org","@graph":[{"@type":"WebPage","@id":"https:\/\/dapply.agency\/refund_returns\/","url":"https:\/\/dapply.agency\/refund_returns\/","name":"Refund Policy - Dapply agency","isPartOf":{"@id":"https:\/\/dapply.agency\/#website"},"datePublished":"2024-05-31T10:48:57+00:00","dateModified":"2024-06-24T07:42:32+00:00","breadcrumb":{"@id":"https:\/\/dapply.agency\/refund_returns\/#breadcrumb"},"inLanguage":"de","potentialAction":[{"@type":"ReadAction","target":["https:\/\/dapply.agency\/refund_returns\/"]}]},{"@type":"BreadcrumbList","@id":"https:\/\/dapply.agency\/refund_returns\/#breadcrumb","itemListElement":[{"@type":"ListItem","position":1,"name":"Home","item":"https:\/\/dapply.agency\/"},{"@type":"ListItem","position":2,"name":"Refund Policy"}]},{"@type":"WebSite","@id":"https:\/\/dapply.agency\/#website","url":"https:\/\/dapply.agency\/","name":"Dapply agency","description":"","potentialAction":[{"@type":"SearchAction","target":{"@type":"EntryPoint","urlTemplate":"https:\/\/dapply.agency\/?s={search_term_string}"},"query-input":"required name=search_term_string"}],"inLanguage":"de"}]}},"_links":{"self":[{"href":"https:\/\/dapply.agency\/de\/wp-json\/wp\/v2\/pages\/17","targetHints":{"allow":["GET"]}}],"collection":[{"href":"https:\/\/dapply.agency\/de\/wp-json\/wp\/v2\/pages"}],"about":[{"href":"https:\/\/dapply.agency\/de\/wp-json\/wp\/v2\/types\/page"}],"author":[{"embeddable":true,"href":"https:\/\/dapply.agency\/de\/wp-json\/wp\/v2\/users\/1"}],"replies":[{"embeddable":true,"href":"https:\/\/dapply.agency\/de\/wp-json\/wp\/v2\/comments?post=17"}],"version-history":[{"count":4,"href":"https:\/\/dapply.agency\/de\/wp-json\/wp\/v2\/pages\/17\/revisions"}],"predecessor-version":[{"id":313,"href":"https:\/\/dapply.agency\/de\/wp-json\/wp\/v2\/pages\/17\/revisions\/313"}],"wp:attachment":[{"href":"https:\/\/dapply.agency\/de\/wp-json\/wp\/v2\/media?parent=17"}],"curies":[{"name":"wp","href":"https:\/\/api.w.org\/{rel}","templated":true}]}}